{"id":24,"date":"2023-09-07T19:04:50","date_gmt":"2023-09-07T17:04:50","guid":{"rendered":"http:\/\/ceillac.eu\/?page_id=24"},"modified":"2025-06-02T18:18:42","modified_gmt":"2025-06-02T16:18:42","slug":"acces","status":"publish","type":"page","link":"https:\/\/ceillac.eu\/index.php\/acces\/","title":{"rendered":"ACC\u00c8S"},"content":{"rendered":"\n<h5 class=\"wp-block-heading\"><em><u><strong>SITUATION<\/strong><\/u><\/em><\/h5>\n\n\n\n<p><strong><em>Ceillac est situ\u00e9 dans les Alpes du Sud , les Alpes ensoleill\u00e9es<\/em><\/strong><em> (292 jours de soleil par an, ces 20 derni\u00e8res ann\u00e9es&#8230;)<\/em> :<\/p>\n\n\n\n<div class=\"wp-block-columns is-layout-flex wp-container-core-columns-is-layout-28f84493 wp-block-columns-is-layout-flex\">\n<div class=\"wp-block-column is-layout-flow wp-block-column-is-layout-flow\">\n<figure class=\"wp-block-image size-full\"><img loading=\"lazy\" decoding=\"async\" width=\"276\" height=\"206\" src=\"https:\/\/ceillac.eu\/wp-content\/uploads\/2023\/09\/france.gif\" alt=\"\" class=\"wp-image-113\"\/><\/figure>\n<\/div>\n\n\n\n<div class=\"wp-block-column is-layout-flow wp-block-column-is-layout-flow\">\n<figure class=\"wp-block-image size-full\"><img loading=\"lazy\" decoding=\"async\" width=\"316\" height=\"254\" src=\"https:\/\/ceillac.eu\/wp-content\/uploads\/2023\/09\/acces-cartequeyras.gif\" alt=\"\" class=\"wp-image-114\"\/><\/figure>\n<\/div>\n<\/div>\n\n\n\n<div style=\"height:18px\" aria-hidden=\"true\" class=\"wp-block-spacer\"><\/div>\n\n\n\n<h5 class=\"wp-block-heading\"><em><u><strong>ACC\u00c8S<\/strong><\/u><\/em><\/h5>\n\n\n\n<p><strong>EN VOITURE<\/strong><\/p>\n\n\n\n<p>Depuis Paris : autoroute jusqu\u2019\u00e0 Grenoble puis Brian\u00e7on <em>(par le col du Lautaret, tr\u00e8s esth\u00e9tique)<\/em> ou Gap <em>(par le col Bayard, plus roulant et moins \u00e9lev\u00e9)<\/em> ~ 715 km<\/p>\n\n\n\n<p>Quelques distances : Marseille <em>(288 km)<\/em>, Bruxelles <em>(970 km)<\/em>, Turin <em>(150 km)<\/em>, Nantes <em>(1000 km)<\/em>, Lyon<em> (230 km)<\/em>\u2026<\/p>\n\n\n\n<p>Pour les conditions de circulation : <a href=\"http:\/\/inforoute.hautes-alpes.fr\/www\/index.html\" target=\"_blank\" rel=\"noreferrer noopener\">infos route 05<\/a> <em>(\u00e9tat des routes, travaux, enneigement, webcams\u2026)<\/em><\/p>\n\n\n\n<div style=\"height:20px\" aria-hidden=\"true\" class=\"wp-block-spacer\"><\/div>\n\n\n\n<p><strong>PAR LE TRAIN<\/strong><\/p>\n\n\n\n<p>Gare S.N.C.F. \u00e0 Montdauphin-Guillestre <em>(04 92 20 66 12)<\/em>, \u00e0 20 km de Ceillac <em>(navettes ZOU * ensuite jusqu\u2019au village ~ <a href=\"https:\/\/storage.googleapis.com\/is-wp-22-prod\/uploads-prod\/2025\/05\/572_MONT-DAUPHIN_CEILLAC_Ete-2025v2.pdf\" target=\"_blank\" rel=\"noreferrer noopener\">horaires \u00e9t\u00e9 2025<\/a>)<\/em><\/p>\n\n\n\n<p>Depuis Paris, 3 possibilit\u00e9s :<\/p>\n\n\n\n<ul class=\"wp-block-list\">\n<li>TGV jusqu\u2019\u00e0 Valence <em>(3h)<\/em> + train Corail jusqu\u2019\u00e0 Montdauphin <em>(3h)<\/em><\/li>\n\n\n\n<li>Train de nuit direct <em>(en g\u00e9n\u00e9ral, d\u00e9part vers 21 h, arriv\u00e9e vers 7h30)<\/em><\/li>\n\n\n\n<li>TGV jusqu\u2019\u00e0 Modane <em>(+ ou \u2013 4h 30)<\/em> + navette jusqu\u2019\u00e0 Brian\u00e7on <em>(synchro avec TGV)<\/em> + train jusqu\u2019\u00e0 Guillestre + navette Ceillac<\/li>\n<\/ul>\n\n\n\n<div style=\"height:20px\" aria-hidden=\"true\" class=\"wp-block-spacer\"><\/div>\n\n\n\n<p><strong>Navettes ZOU<\/strong><br>Les bus ZOU ! Hautes-Alpes, organis\u00e9s par la R\u00e9gion Sud Provence Alpes-C\u00f4te d\u2019Azur desservent les stations depuis les gares SNCF du d\u00e9partement des Hautes-Alpes. Ils permettent de rejoindre facilement votre lieu d\u2019h\u00e9bergement sans vous soucier de l\u2019\u00e9tat des routes !<br><br>Consultez les horaires, payez moins cher votre trajet en r\u00e9servant votre billet sur le site.<br><br>Vous avez la possibilit\u00e9 de vous acquitter de votre titre de transport dans le car en esp\u00e8ces ou en ch\u00e8que aupr\u00e8s du chauffeur.<br><br>Renseignements et r\u00e9servation par t\u00e9l\u00e9phone au 0 809 400 013.<br><br>Jours de circulation&nbsp;: des services quotidiens renforc\u00e9s les week-ends.<br><br>Accessibilit\u00e9 PMR&nbsp;: v\u00e9hicules accessibles aux personnes \u00e0 mobilit\u00e9 r\u00e9duite, sur r\u00e9servation aupr\u00e8s de Zou ! au plus tard 36 h avant votre d\u00e9part.<\/p>\n\n\n\n<p><strong><u>Lignes ZOU des Hautes-Alpes \u2013 2023<\/u><\/strong> <em>(un clic sur la carte pour agrandir)<\/em><\/p>\n\n\n\n<figure class=\"wp-block-image\"><a href=\"https:\/\/ceillac.fr\/wp-content\/uploads\/2023\/07\/acces-carte-zou-05-2023.jpg\" target=\"_blank\" rel=\"noreferrer noopener\"><img decoding=\"async\" src=\"https:\/\/ceillac.fr\/wp-content\/uploads\/2023\/07\/acces-carte-zou-05-2023-1024x724.jpg\" alt=\"\" class=\"wp-image-11983\"\/><\/a><\/figure>\n\n\n\n<p>Horaires lignes ZOU<\/p>\n\n\n\n<ul class=\"wp-block-list\">\n<li><a href=\"https:\/\/storage.googleapis.com\/is-wp-22-prod\/uploads-prod\/2025\/05\/572_MONT-DAUPHIN_CEILLAC_Ete-2025v2.pdf\" target=\"_blank\" rel=\"noreferrer noopener\">Gare de Montdauphin-Guillestre-Ceillac<\/a><\/li>\n<\/ul>\n\n\n\n<div style=\"height:19px\" aria-hidden=\"true\" class=\"wp-block-spacer\"><\/div>\n\n\n\n<p><strong>EN AVION<\/strong><\/p>\n\n\n\n<p>Les a\u00e9roports les plus proches sont : Grenoble et Marseille ou Turin \u2026 Compter 2 \u00e0 3 heures ensuite pour rejoindre Ceillac.<\/p>\n\n\n\n<div style=\"height:28px\" aria-hidden=\"true\" class=\"wp-block-spacer\"><\/div>\n\n\n\n<h4 class=\"wp-block-heading\"><strong>NAVETTES VILLAGE<\/strong><\/h4>\n\n\n\n<p>Les navettes village-front de neige, l\u2019hiver, sont \u00e0 votre disposition et gratuites pour tout le monde. Elles fonctionnent tous les jours.<\/p>\n\n\n\n<p><em>(renseignements possibles \u00e0 l\u2019\u00e9picerie Favier, au village : Tel : 04 92 45 07 71, Fax : 04 92 45 40 62)<\/em><\/p>\n\n\n\n<figure class=\"wp-block-image\"><img decoding=\"async\" src=\"https:\/\/ceillac.fr\/wp-content\/uploads\/2021\/06\/acces-plans-plan-navettes.gif\" alt=\"\" class=\"wp-image-904\"\/><\/figure>\n\n\n\n<div style=\"height:27px\" aria-hidden=\"true\" class=\"wp-block-spacer\"><\/div>\n\n\n\n<h4 class=\"wp-block-heading\"><strong>TRANSPORT INTERVILLAGES QUEYRAS<\/strong><\/h4>\n\n\n\n<p>Les navettes inter-villages vous permettent, l\u2019\u00e9t\u00e9 et l\u2019hiver, de vous d\u00e9placer entre les diff\u00e9rentes vall\u00e9es du Queyras.<\/p>\n\n\n\n<p>L\u2019\u00e9t\u00e9, les navettes desservent la vall\u00e9e du M\u00e9lezet jusqu\u2019\u00e0 Chaurionde <em>(voir horaires ci-dessous)<\/em>.<\/p>\n\n\n\n<figure class=\"wp-block-image\"><a href=\"https:\/\/ceillac.fr\/wp-content\/uploads\/2023\/07\/acces-navettes-intervillages-plan-ete-2023.jpg\" target=\"_blank\" rel=\"noreferrer noopener\"><img decoding=\"async\" src=\"https:\/\/ceillac.fr\/wp-content\/uploads\/2023\/07\/acces-navettes-intervillages-plan-ete-2023-1024x726.jpg\" alt=\"\" class=\"wp-image-11992\"\/><\/a><\/figure>\n\n\n\n<figure class=\"wp-block-image\"><a href=\"https:\/\/ceillac.fr\/wp-content\/uploads\/2023\/07\/acces-navettes-intervillages-plan-hiver-2023.jpg\" target=\"_blank\" rel=\"noreferrer noopener\"><img decoding=\"async\" src=\"https:\/\/ceillac.fr\/wp-content\/uploads\/2023\/07\/acces-navettes-intervillages-plan-hiver-2023-1024x733.jpg\" alt=\"\" class=\"wp-image-11995\"\/><\/a><\/figure>\n\n\n\n<figure class=\"wp-block-image size-large\"><img loading=\"lazy\" decoding=\"async\" width=\"1024\" height=\"717\" src=\"https:\/\/ceillac.eu\/wp-content\/uploads\/2025\/06\/navettes-queyas-escarton-ete-2025-1024x717.jpg\" alt=\"\" class=\"wp-image-448\" srcset=\"https:\/\/ceillac.eu\/wp-content\/uploads\/2025\/06\/navettes-queyas-escarton-ete-2025-1024x717.jpg 1024w, https:\/\/ceillac.eu\/wp-content\/uploads\/2025\/06\/navettes-queyas-escarton-ete-2025-300x210.jpg 300w, https:\/\/ceillac.eu\/wp-content\/uploads\/2025\/06\/navettes-queyas-escarton-ete-2025-768x538.jpg 768w, https:\/\/ceillac.eu\/wp-content\/uploads\/2025\/06\/navettes-queyas-escarton-ete-2025-1536x1076.jpg 1536w, https:\/\/ceillac.eu\/wp-content\/uploads\/2025\/06\/navettes-queyas-escarton-ete-2025-2048x1434.jpg 2048w\" sizes=\"auto, (max-width: 1024px) 100vw, 1024px\" \/><figcaption class=\"wp-element-caption\">Pour t\u00e9l\u00e9charger les horaires : <a href=\"https:\/\/ceillac.eu\/wp-content\/uploads\/2025\/06\/navettes-queyas-escarton-ete-2025.pdf\">navettes intervillages 2025<\/a><\/figcaption><\/figure>\n\n\n\n<div style=\"height:22px\" aria-hidden=\"true\" class=\"wp-block-spacer\"><\/div>\n\n\n\n<h4 class=\"wp-block-heading\"><strong>ET L\u2019HIVER ?<\/strong><\/h4>\n\n\n\n<p>Les routes sont normalement d\u00e9neig\u00e9es et sal\u00e9es si n\u00e9cessaire. Malgr\u00e9 tout, il arrive que la nationale 91 qui m\u00e8ne au col du Lautaret soit temporairement ferm\u00e9e, suite \u00e0 une grosse chute de neige ou en cas de risque d\u2019avalanche. L\u2019hiver, pour ceux qui viennent de Grenoble, il est souvent tr\u00e8s pr\u00e9f\u00e9rable de passer par le col Bayard <em>(1200 m)<\/em> moins haut que le Lautaret <em>(2000 m)<\/em>.<\/p>\n\n\n\n<p>En tout \u00e9tat de cause, il est d\u00e9sormais obligatoire (depuis le 1er novembre 2021) de se munir d\u2019\u00e9quipements sp\u00e9ciaux <em>(cha\u00eenes ou autres)<\/em>.<\/p>\n\n\n\n<p>Pour se renseigner sur l\u2019ouverture et l\u2019\u00e9tat des routes, se rendre sur le site d\u2019info route 05 et\/ou t\u00e9l\u00e9phoner pour avoir des informations sur l\u2019\u00e9tat des cols : <a href=\"http:\/\/inforoute.hautes-alpes.fr\/www\/index.html\" target=\"_blank\" rel=\"noreferrer noopener\">infos route 05<\/a><\/p>\n\n\n\n<ul class=\"wp-block-list\">\n<li>col du Lautaret et du Montgen\u00e8vre : 04 92 24 44 44 <em>(r\u00e9pondeur \u00c9quipement)<\/em><\/li>\n<\/ul>\n\n\n\n<p><em>La route de Ceillac est d\u00e9neig\u00e9e syst\u00e9matiquement par l\u2019\u00e9quipement apr\u00e8s chaque chute de neige cons\u00e9quente, normalement t\u00f4t le matin. Malgr\u00e9 tout, apr\u00e8s le passage des chasse-neige, la couche r\u00e9siduelle peut rendre indispensable l\u2019utilisation de pneus neige ou de cha\u00eenes pour monter \u00e0 la station\u2026<\/em><\/p>\n\n\n\n<h5 class=\"wp-block-heading\"><strong><em><u>PLAN DU VILLAGE<\/u><\/em><\/strong><\/h5>\n\n\n\n<figure class=\"wp-block-image size-full\"><a href=\"https:\/\/ceillac.eu\/wp-content\/uploads\/2023\/09\/violaine-plan-village-scaled.jpg\" target=\"_blank\" rel=\"noreferrer noopener\"><img loading=\"lazy\" decoding=\"async\" width=\"1000\" height=\"706\" src=\"https:\/\/ceillac.eu\/wp-content\/uploads\/2023\/09\/violaine-plan-village-w.jpg\" alt=\"\" class=\"wp-image-111\" srcset=\"https:\/\/ceillac.eu\/wp-content\/uploads\/2023\/09\/violaine-plan-village-w.jpg 1000w, https:\/\/ceillac.eu\/wp-content\/uploads\/2023\/09\/violaine-plan-village-w-300x212.jpg 300w, https:\/\/ceillac.eu\/wp-content\/uploads\/2023\/09\/violaine-plan-village-w-768x542.jpg 768w\" sizes=\"auto, (max-width: 1000px) 100vw, 1000px\" \/><\/a><figcaption class=\"wp-element-caption\">Un clic sur le plan pour agrandir&#8230;<\/figcaption><\/figure>\n\n\n\n<div style=\"height:32px\" aria-hidden=\"true\" class=\"wp-block-spacer\"><\/div>\n\n\n\n<p>Un clic pour agrandir\u2026<\/p>\n\n\n\n<figure class=\"wp-block-image\"><a href=\"https:\/\/ceillac.fr\/wp-content\/uploads\/2021\/06\/acces-plan-queyras-scaled.jpg\" target=\"_blank\" rel=\"noreferrer noopener\"><img decoding=\"async\" src=\"https:\/\/ceillac.fr\/wp-content\/uploads\/2021\/06\/acces-plan-queyras-1019x1024.jpg\" alt=\"\" class=\"wp-image-940\"\/><\/a><\/figure>\n","protected":false},"excerpt":{"rendered":"<p>SITUATION Ceillac est situ\u00e9 dans les Alpes du Sud , les Alpes ensoleill\u00e9es (292 jours de soleil par an, ces 20 derni\u00e8res ann\u00e9es&#8230;) : ACC\u00c8S EN VOITURE Depuis Paris : autoroute jusqu\u2019\u00e0 Grenoble puis Brian\u00e7on (par le col du Lautaret, tr\u00e8s esth\u00e9tique) ou Gap (par le col Bayard, plus roulant et moins \u00e9lev\u00e9) ~ 715 [&hellip;]<\/p>\n","protected":false},"author":1,"featured_media":0,"parent":0,"menu_order":0,"comment_status":"closed","ping_status":"closed","template":"","meta":{"footnotes":""},"class_list":["post-24","page","type-page","status-publish","hentry"],"blocksy_meta":"","_links":{"self":[{"href":"https:\/\/ceillac.eu\/index.php\/wp-json\/wp\/v2\/pages\/24","targetHints":{"allow":["GET"]}}],"collection":[{"href":"https:\/\/ceillac.eu\/index.php\/wp-json\/wp\/v2\/pages"}],"about":[{"href":"https:\/\/ceillac.eu\/index.php\/wp-json\/wp\/v2\/types\/page"}],"author":[{"embeddable":true,"href":"https:\/\/ceillac.eu\/index.php\/wp-json\/wp\/v2\/users\/1"}],"replies":[{"embeddable":true,"href":"https:\/\/ceillac.eu\/index.php\/wp-json\/wp\/v2\/comments?post=24"}],"version-history":[{"count":29,"href":"https:\/\/ceillac.eu\/index.php\/wp-json\/wp\/v2\/pages\/24\/revisions"}],"predecessor-version":[{"id":450,"href":"https:\/\/ceillac.eu\/index.php\/wp-json\/wp\/v2\/pages\/24\/revisions\/450"}],"wp:attachment":[{"href":"https:\/\/ceillac.eu\/index.php\/wp-json\/wp\/v2\/media?parent=24"}],"curies":[{"name":"wp","href":"https:\/\/api.w.org\/{rel}","templated":true}]}}