{"id":20,"date":"2023-09-07T19:05:45","date_gmt":"2023-09-07T17:05:45","guid":{"rendered":"http:\/\/ceillac.eu\/?page_id=20"},"modified":"2024-03-21T10:38:01","modified_gmt":"2024-03-21T09:38:01","slug":"contacts","status":"publish","type":"page","link":"https:\/\/ceillac.eu\/index.php\/contacts\/","title":{"rendered":"CONTACTS"},"content":{"rendered":"\n<p class=\"has-text-align-center\"><strong><mark style=\"background-color:rgba(0, 0, 0, 0);color:#a50016\" class=\"has-inline-color\">Pour plus de renseignements n&rsquo;h\u00e9sitez pas,<br>CONTACTEZ-NOUS &#8230;<\/mark><\/strong><\/p>\n\n\n\n<div style=\"height:26px\" aria-hidden=\"true\" class=\"wp-block-spacer\"><\/div>\n\n\n\n<div class=\"wp-block-columns is-layout-flex wp-container-core-columns-is-layout-28f84493 wp-block-columns-is-layout-flex\">\n<div class=\"wp-block-column is-layout-flow wp-block-column-is-layout-flow\">\n<figure class=\"wp-block-image aligncenter size-full\"><img loading=\"lazy\" decoding=\"async\" width=\"232\" height=\"188\" src=\"https:\/\/ceillac.eu\/wp-content\/uploads\/2023\/09\/chardon-contact.jpg\" alt=\"\" class=\"wp-image-148\"\/><\/figure>\n<\/div>\n\n\n\n<div class=\"wp-block-column is-layout-flow wp-block-column-is-layout-flow\">\n<p class=\"has-text-align-center\"><strong>TIFFANY SERVICES<\/strong><\/p>\n\n\n\n<p class=\"has-text-align-center\"><strong>05600 Ceillac<\/strong><\/p>\n\n\n\n<p class=\"has-text-align-center\">Tel : <strong>07 67 92 04 81<\/strong><\/p>\n\n\n\n<p class=\"has-text-align-center\">mail : <a href=\"mailto:tiffanyservices05@gmail.com\"><strong>tiffanyservices05@gmail.com<\/strong><\/a><\/p>\n\n\n\n<p><\/p>\n<\/div>\n\n\n\n<div class=\"wp-block-column is-layout-flow wp-block-column-is-layout-flow\">\n<figure class=\"wp-block-image aligncenter size-full\"><img loading=\"lazy\" decoding=\"async\" width=\"218\" height=\"188\" src=\"https:\/\/ceillac.eu\/wp-content\/uploads\/2023\/09\/zygene-contact.jpg\" alt=\"\" class=\"wp-image-150\"\/><\/figure>\n<\/div>\n<\/div>\n\n\n\n<div style=\"height:24px\" aria-hidden=\"true\" class=\"wp-block-spacer\"><\/div>\n\n\n\n<hr class=\"wp-block-separator has-alpha-channel-opacity is-style-wide\"\/>\n\n\n\n<h6 class=\"wp-block-heading\">R\u00c9F\u00c9RENCES DU PROPRI\u00c9TAIRE<\/h6>\n\n\n\n<div class=\"wp-block-columns is-layout-flex wp-container-core-columns-is-layout-28f84493 wp-block-columns-is-layout-flex\">\n<div class=\"wp-block-column is-layout-flow wp-block-column-is-layout-flow\">\n<p><strong>Violaine et Maurice FOURNIER<br><\/strong>La Rosace 202 rue du Sarret<strong><br><\/strong>05600 Ceillac ~ France<\/p>\n<\/div>\n\n\n\n<div class=\"wp-block-column is-layout-flow wp-block-column-is-layout-flow\">\n<p>tel : 04 92 45 08 79<br>portable : 06 70 23 26 13<br>mail : <a href=\"mailto:vioetmau@outlook.com\">vioetmau@outlook.com<\/a><\/p>\n<\/div>\n\n\n\n<div class=\"wp-block-column is-layout-flow wp-block-column-is-layout-flow\">\n<figure class=\"wp-block-image aligncenter size-medium is-resized\"><img loading=\"lazy\" decoding=\"async\" width=\"300\" height=\"200\" src=\"https:\/\/ceillac.eu\/wp-content\/uploads\/2023\/09\/appollon-300x200.gif\" alt=\"\" class=\"wp-image-151\" style=\"width:135px;height:auto\"\/><\/figure>\n<\/div>\n<\/div>\n\n\n\n<div style=\"height:18px\" aria-hidden=\"true\" class=\"wp-block-spacer\"><\/div>\n","protected":false},"excerpt":{"rendered":"<p>Pour plus de renseignements n&rsquo;h\u00e9sitez pas,CONTACTEZ-NOUS &#8230; TIFFANY SERVICES 05600 Ceillac Tel : 07 67 92 04 81 mail : tiffanyservices05@gmail.com R\u00c9F\u00c9RENCES DU PROPRI\u00c9TAIRE Violaine et Maurice FOURNIERLa Rosace 202 rue du Sarret05600 Ceillac ~ France tel : 04 92 45 08 79portable : 06 70 23 26 13mail : vioetmau@outlook.com<\/p>\n","protected":false},"author":1,"featured_media":0,"parent":0,"menu_order":0,"comment_status":"closed","ping_status":"closed","template":"","meta":{"footnotes":""},"class_list":["post-20","page","type-page","status-publish","hentry"],"blocksy_meta":"","_links":{"self":[{"href":"https:\/\/ceillac.eu\/index.php\/wp-json\/wp\/v2\/pages\/20","targetHints":{"allow":["GET"]}}],"collection":[{"href":"https:\/\/ceillac.eu\/index.php\/wp-json\/wp\/v2\/pages"}],"about":[{"href":"https:\/\/ceillac.eu\/index.php\/wp-json\/wp\/v2\/types\/page"}],"author":[{"embeddable":true,"href":"https:\/\/ceillac.eu\/index.php\/wp-json\/wp\/v2\/users\/1"}],"replies":[{"embeddable":true,"href":"https:\/\/ceillac.eu\/index.php\/wp-json\/wp\/v2\/comments?post=20"}],"version-history":[{"count":22,"href":"https:\/\/ceillac.eu\/index.php\/wp-json\/wp\/v2\/pages\/20\/revisions"}],"predecessor-version":[{"id":348,"href":"https:\/\/ceillac.eu\/index.php\/wp-json\/wp\/v2\/pages\/20\/revisions\/348"}],"wp:attachment":[{"href":"https:\/\/ceillac.eu\/index.php\/wp-json\/wp\/v2\/media?parent=20"}],"curies":[{"name":"wp","href":"https:\/\/api.w.org\/{rel}","templated":true}]}}