{"id":18,"date":"2023-09-07T19:05:12","date_gmt":"2023-09-07T17:05:12","guid":{"rendered":"http:\/\/ceillac.eu\/?page_id=18"},"modified":"2025-11-14T16:31:08","modified_gmt":"2025-11-14T15:31:08","slug":"appart-6-personnes","status":"publish","type":"page","link":"https:\/\/ceillac.eu\/index.php\/appart-6-personnes\/","title":{"rendered":"APPART. 6 PERSONNES"},"content":{"rendered":"\n<p><strong>Situ\u00e9 dans un endroit calme au c\u0153ur du village, tout pr\u00e8s des commerces, l&rsquo;appartement M\u00e9sange est au rez-de-chauss\u00e9e sur\u00e9lev\u00e9 de \u00ab\u00a0Lou Belloun\u00a0\u00bb. D&rsquo;une superficie de 70 m\u00b2, il est class\u00e9 3 \u00e9toiles en  meubl\u00e9s de tourisme. Il peut accueillir 6 personnes.<\/strong><\/p>\n\n\n\n<ul class=\"wp-block-list\">\n<li><strong>Parking <\/strong>priv\u00e9 \u00e0 proximit\u00e9 imm\u00e9diate, balcon, local \u00e0 skis\/v\u00e9los&#8230;.<\/li>\n<\/ul>\n\n\n\n<ul class=\"wp-block-list\">\n<li><strong>Orientation <\/strong>Sud Ouest, vue d\u00e9gag\u00e9e sur la Saume.<\/li>\n<\/ul>\n\n\n\n<ul class=\"wp-block-list\">\n<li><strong>Appartement de 4 pi\u00e8ces <\/strong>: un grand s\u00e9jour\/cuisine + coin salon, trois chambres: une avec un lit double et deux chambres avec 2 lits d&rsquo; une place, salle d&rsquo;eau avec douche, W.C. ind\u00e9pendant.<\/li>\n<\/ul>\n\n\n\n<ul class=\"wp-block-list\">\n<li><strong>\u00c9quipement <\/strong>: WIFI, t\u00e9l\u00e9vision, lecteur DVD, lave-linge, lave-vaisselle, r\u00e9frig\u00e9rateur avec cong\u00e9lateur, four \u00e9lectrique, plaques vitroc\u00e9ramique, micro-ondes, \u00e9vier 2 bacs, cocotte-minute, mixeur, batterie de cuisine&#8230;<\/li>\n<\/ul>\n\n\n\n<ul class=\"wp-block-list\">\n<li><strong>Animaux <\/strong>: pas accept\u00e9s.<\/li>\n<\/ul>\n\n\n\n<ul class=\"wp-block-list\">\n<li><strong>Taxe de s\u00e9jour<\/strong> : 1,76 \u20ac par jour et par personne \u00e0 partir de 18 ans.<\/li>\n\n\n\n<li><strong>Attention<\/strong> : il y a des escaliers pour acc\u00e9der \u00e0 cet appartement . Nous tenons \u00e0 vous informer qu&rsquo;il n&rsquo;est pas adapt\u00e9 aux personnes \u00e0 mobilit\u00e9 r\u00e9duite.<\/li>\n<\/ul>\n\n\n\n<p><strong><br>Consultez : l&rsquo;<a href=\"https:\/\/ceillac.eu\/index.php\/inventaire-mesange\/\" target=\"_blank\" rel=\"noreferrer noopener\">inventaire complet<\/a> et les <a href=\"https:\/\/ceillac.eu\/index.php\/conditions-generales-de-location\/\" target=\"_blank\" rel=\"noreferrer noopener\">conditions de location<\/a>. (<a href=\"mailto:tiffanyservices05@gmail.com\">contact<\/a>)<\/strong><\/p>\n\n\n\n<figure class=\"wp-block-image size-full\"><img loading=\"lazy\" decoding=\"async\" width=\"555\" height=\"540\" src=\"https:\/\/ceillac.eu\/wp-content\/uploads\/2023\/09\/plan-appart-mesange.jpg\" alt=\"\" class=\"wp-image-177\" srcset=\"https:\/\/ceillac.eu\/wp-content\/uploads\/2023\/09\/plan-appart-mesange.jpg 555w, https:\/\/ceillac.eu\/wp-content\/uploads\/2023\/09\/plan-appart-mesange-300x292.jpg 300w\" sizes=\"auto, (max-width: 555px) 100vw, 555px\" \/><\/figure>\n\n\n\n<figure class=\"wp-block-image size-large\"><img loading=\"lazy\" decoding=\"async\" width=\"1024\" height=\"631\" src=\"https:\/\/ceillac.eu\/wp-content\/uploads\/2024\/06\/mesange-salon-2024-4-w2-1024x631.jpg\" alt=\"\" class=\"wp-image-393\" srcset=\"https:\/\/ceillac.eu\/wp-content\/uploads\/2024\/06\/mesange-salon-2024-4-w2-1024x631.jpg 1024w, https:\/\/ceillac.eu\/wp-content\/uploads\/2024\/06\/mesange-salon-2024-4-w2-300x185.jpg 300w, https:\/\/ceillac.eu\/wp-content\/uploads\/2024\/06\/mesange-salon-2024-4-w2-768x473.jpg 768w, https:\/\/ceillac.eu\/wp-content\/uploads\/2024\/06\/mesange-salon-2024-4-w2-1536x946.jpg 1536w, https:\/\/ceillac.eu\/wp-content\/uploads\/2024\/06\/mesange-salon-2024-4-w2.jpg 2000w\" sizes=\"auto, (max-width: 1024px) 100vw, 1024px\" \/><\/figure>\n\n\n\n<figure class=\"wp-block-image size-large\"><img loading=\"lazy\" decoding=\"async\" width=\"1024\" height=\"571\" src=\"https:\/\/ceillac.eu\/wp-content\/uploads\/2024\/06\/mesange-salon-2024-2-w-1024x571.jpg\" alt=\"\" class=\"wp-image-386\" srcset=\"https:\/\/ceillac.eu\/wp-content\/uploads\/2024\/06\/mesange-salon-2024-2-w-1024x571.jpg 1024w, https:\/\/ceillac.eu\/wp-content\/uploads\/2024\/06\/mesange-salon-2024-2-w-300x167.jpg 300w, https:\/\/ceillac.eu\/wp-content\/uploads\/2024\/06\/mesange-salon-2024-2-w-768x429.jpg 768w, https:\/\/ceillac.eu\/wp-content\/uploads\/2024\/06\/mesange-salon-2024-2-w-1536x857.jpg 1536w, https:\/\/ceillac.eu\/wp-content\/uploads\/2024\/06\/mesange-salon-2024-2-w.jpg 2000w\" sizes=\"auto, (max-width: 1024px) 100vw, 1024px\" \/><\/figure>\n\n\n\n<figure class=\"wp-block-image size-large\"><img loading=\"lazy\" decoding=\"async\" width=\"1024\" height=\"628\" src=\"https:\/\/ceillac.eu\/wp-content\/uploads\/2024\/06\/mesange-salon-2024-1-w-1024x628.jpg\" alt=\"\" class=\"wp-image-387\" srcset=\"https:\/\/ceillac.eu\/wp-content\/uploads\/2024\/06\/mesange-salon-2024-1-w-1024x628.jpg 1024w, https:\/\/ceillac.eu\/wp-content\/uploads\/2024\/06\/mesange-salon-2024-1-w-300x184.jpg 300w, https:\/\/ceillac.eu\/wp-content\/uploads\/2024\/06\/mesange-salon-2024-1-w-768x471.jpg 768w, https:\/\/ceillac.eu\/wp-content\/uploads\/2024\/06\/mesange-salon-2024-1-w-1536x942.jpg 1536w, https:\/\/ceillac.eu\/wp-content\/uploads\/2024\/06\/mesange-salon-2024-1-w.jpg 2000w\" sizes=\"auto, (max-width: 1024px) 100vw, 1024px\" \/><\/figure>\n\n\n\n<figure class=\"wp-block-image size-large\"><img loading=\"lazy\" decoding=\"async\" width=\"1024\" height=\"658\" src=\"https:\/\/ceillac.eu\/wp-content\/uploads\/2024\/06\/mesange-salon-2024-3-w-1024x658.jpg\" alt=\"\" class=\"wp-image-388\" srcset=\"https:\/\/ceillac.eu\/wp-content\/uploads\/2024\/06\/mesange-salon-2024-3-w-1024x658.jpg 1024w, https:\/\/ceillac.eu\/wp-content\/uploads\/2024\/06\/mesange-salon-2024-3-w-300x193.jpg 300w, https:\/\/ceillac.eu\/wp-content\/uploads\/2024\/06\/mesange-salon-2024-3-w-768x493.jpg 768w, https:\/\/ceillac.eu\/wp-content\/uploads\/2024\/06\/mesange-salon-2024-3-w-1536x987.jpg 1536w, https:\/\/ceillac.eu\/wp-content\/uploads\/2024\/06\/mesange-salon-2024-3-w.jpg 2000w\" sizes=\"auto, (max-width: 1024px) 100vw, 1024px\" \/><\/figure>\n\n\n\n<figure class=\"wp-block-image size-large\"><img loading=\"lazy\" decoding=\"async\" width=\"1024\" height=\"685\" src=\"https:\/\/ceillac.eu\/wp-content\/uploads\/2024\/06\/mesange-sdb-2024-w2-1024x685.jpg\" alt=\"\" class=\"wp-image-391\" srcset=\"https:\/\/ceillac.eu\/wp-content\/uploads\/2024\/06\/mesange-sdb-2024-w2-1024x685.jpg 1024w, https:\/\/ceillac.eu\/wp-content\/uploads\/2024\/06\/mesange-sdb-2024-w2-300x201.jpg 300w, https:\/\/ceillac.eu\/wp-content\/uploads\/2024\/06\/mesange-sdb-2024-w2-768x514.jpg 768w, https:\/\/ceillac.eu\/wp-content\/uploads\/2024\/06\/mesange-sdb-2024-w2-1536x1028.jpg 1536w, https:\/\/ceillac.eu\/wp-content\/uploads\/2024\/06\/mesange-sdb-2024-w2.jpg 2000w\" sizes=\"auto, (max-width: 1024px) 100vw, 1024px\" \/><\/figure>\n\n\n\n<figure class=\"wp-block-image size-large\"><img loading=\"lazy\" decoding=\"async\" width=\"1024\" height=\"683\" src=\"https:\/\/ceillac.eu\/wp-content\/uploads\/2023\/09\/IMG_0355-1024x683.jpg\" alt=\"\" class=\"wp-image-219\" srcset=\"https:\/\/ceillac.eu\/wp-content\/uploads\/2023\/09\/IMG_0355-1024x683.jpg 1024w, https:\/\/ceillac.eu\/wp-content\/uploads\/2023\/09\/IMG_0355-300x200.jpg 300w, https:\/\/ceillac.eu\/wp-content\/uploads\/2023\/09\/IMG_0355-768x512.jpg 768w, https:\/\/ceillac.eu\/wp-content\/uploads\/2023\/09\/IMG_0355-1536x1024.jpg 1536w, https:\/\/ceillac.eu\/wp-content\/uploads\/2023\/09\/IMG_0355-2048x1365.jpg 2048w\" sizes=\"auto, (max-width: 1024px) 100vw, 1024px\" \/><\/figure>\n\n\n\n<figure class=\"wp-block-image size-large\"><img loading=\"lazy\" decoding=\"async\" width=\"1024\" height=\"683\" src=\"https:\/\/ceillac.eu\/wp-content\/uploads\/2023\/09\/IMG_0356-1024x683.jpg\" alt=\"\" class=\"wp-image-144\" srcset=\"https:\/\/ceillac.eu\/wp-content\/uploads\/2023\/09\/IMG_0356-1024x683.jpg 1024w, https:\/\/ceillac.eu\/wp-content\/uploads\/2023\/09\/IMG_0356-300x200.jpg 300w, https:\/\/ceillac.eu\/wp-content\/uploads\/2023\/09\/IMG_0356-768x512.jpg 768w, https:\/\/ceillac.eu\/wp-content\/uploads\/2023\/09\/IMG_0356-1536x1024.jpg 1536w, https:\/\/ceillac.eu\/wp-content\/uploads\/2023\/09\/IMG_0356-2048x1365.jpg 2048w\" sizes=\"auto, (max-width: 1024px) 100vw, 1024px\" \/><\/figure>\n\n\n\n<figure class=\"wp-block-image size-large\"><img loading=\"lazy\" decoding=\"async\" width=\"1024\" height=\"683\" src=\"https:\/\/ceillac.eu\/wp-content\/uploads\/2023\/09\/mesange-chambre-2-1024x683.jpg\" alt=\"\" class=\"wp-image-232\" srcset=\"https:\/\/ceillac.eu\/wp-content\/uploads\/2023\/09\/mesange-chambre-2-1024x683.jpg 1024w, https:\/\/ceillac.eu\/wp-content\/uploads\/2023\/09\/mesange-chambre-2-300x200.jpg 300w, https:\/\/ceillac.eu\/wp-content\/uploads\/2023\/09\/mesange-chambre-2-768x512.jpg 768w, https:\/\/ceillac.eu\/wp-content\/uploads\/2023\/09\/mesange-chambre-2-1536x1024.jpg 1536w, https:\/\/ceillac.eu\/wp-content\/uploads\/2023\/09\/mesange-chambre-2-2048x1366.jpg 2048w\" sizes=\"auto, (max-width: 1024px) 100vw, 1024px\" \/><\/figure>\n\n\n\n<figure class=\"wp-block-image size-large\"><img loading=\"lazy\" decoding=\"async\" width=\"1024\" height=\"683\" src=\"https:\/\/ceillac.eu\/wp-content\/uploads\/2023\/09\/IMG_3492-1024x683.jpg\" alt=\"\" class=\"wp-image-149\" srcset=\"https:\/\/ceillac.eu\/wp-content\/uploads\/2023\/09\/IMG_3492-1024x683.jpg 1024w, https:\/\/ceillac.eu\/wp-content\/uploads\/2023\/09\/IMG_3492-300x200.jpg 300w, https:\/\/ceillac.eu\/wp-content\/uploads\/2023\/09\/IMG_3492-768x512.jpg 768w, https:\/\/ceillac.eu\/wp-content\/uploads\/2023\/09\/IMG_3492-1536x1024.jpg 1536w, https:\/\/ceillac.eu\/wp-content\/uploads\/2023\/09\/IMG_3492-2048x1365.jpg 2048w\" sizes=\"auto, (max-width: 1024px) 100vw, 1024px\" \/><\/figure>\n\n\n\n<div class=\"wp-block-columns is-layout-flex wp-container-core-columns-is-layout-28f84493 wp-block-columns-is-layout-flex\">\n<div class=\"wp-block-column is-layout-flow wp-block-column-is-layout-flow\">\n<figure class=\"wp-block-image size-full\"><img loading=\"lazy\" decoding=\"async\" width=\"188\" height=\"251\" src=\"https:\/\/ceillac.eu\/wp-content\/uploads\/2023\/09\/SDB-wtt_IMG_0020-1.jpg\" alt=\"\" class=\"wp-image-171\"\/><\/figure>\n<\/div>\n\n\n\n<div class=\"wp-block-column is-layout-flow wp-block-column-is-layout-flow\">\n<figure class=\"wp-block-image size-full\"><img loading=\"lazy\" decoding=\"async\" width=\"333\" height=\"250\" src=\"https:\/\/ceillac.eu\/wp-content\/uploads\/2023\/09\/mesange-saume-w.jpg\" alt=\"\" class=\"wp-image-172\" srcset=\"https:\/\/ceillac.eu\/wp-content\/uploads\/2023\/09\/mesange-saume-w.jpg 333w, https:\/\/ceillac.eu\/wp-content\/uploads\/2023\/09\/mesange-saume-w-300x225.jpg 300w\" sizes=\"auto, (max-width: 333px) 100vw, 333px\" \/><\/figure>\n<\/div>\n\n\n\n<div class=\"wp-block-column is-layout-flow wp-block-column-is-layout-flow\">\n<figure class=\"wp-block-image size-full\"><img loading=\"lazy\" decoding=\"async\" width=\"695\" height=\"463\" src=\"https:\/\/ceillac.eu\/wp-content\/uploads\/2023\/09\/appollon.gif\" alt=\"\" class=\"wp-image-151\"\/><\/figure>\n<\/div>\n<\/div>\n\n\n\n<figure class=\"wp-block-image size-large\"><img loading=\"lazy\" decoding=\"async\" width=\"1024\" height=\"369\" src=\"https:\/\/ceillac.eu\/wp-content\/uploads\/2023\/09\/Panorama-Ceillac-ubac1-1024x369.jpg\" alt=\"\" class=\"wp-image-176\" srcset=\"https:\/\/ceillac.eu\/wp-content\/uploads\/2023\/09\/Panorama-Ceillac-ubac1-1024x369.jpg 1024w, https:\/\/ceillac.eu\/wp-content\/uploads\/2023\/09\/Panorama-Ceillac-ubac1-300x108.jpg 300w, https:\/\/ceillac.eu\/wp-content\/uploads\/2023\/09\/Panorama-Ceillac-ubac1-768x276.jpg 768w, https:\/\/ceillac.eu\/wp-content\/uploads\/2023\/09\/Panorama-Ceillac-ubac1.jpg 1200w\" sizes=\"auto, (max-width: 1024px) 100vw, 1024px\" \/><\/figure>\n\n\n\n<p><\/p>\n\n\n\n<div style=\"height:17px\" aria-hidden=\"true\" class=\"wp-block-spacer\"><\/div>\n\n\n\n<p><\/p>\n\n\n\n<p><strong><u>TARIF M\u00c9SANGE 2025-2026<\/u><\/strong><\/p>\n\n\n\n<p>M\u00c9SANGE<\/p>\n\n\n\n<figure class=\"wp-block-table aligncenter is-style-stripes\"><table class=\"has-background\" style=\"background-color:#fafabd\"><tbody><tr><td class=\"has-text-align-center\" data-align=\"center\"><strong><mark style=\"background-color:rgba(0, 0, 0, 0);color:#a03737\" class=\"has-inline-color\">No\u00ebl<\/mark><\/strong><\/td><td class=\"has-text-align-center\" data-align=\"center\"><mark style=\"background-color:rgba(0, 0, 0, 0);color:#a03737\" class=\"has-inline-color\"><strong>Jour de l&rsquo;An<\/strong><\/mark><\/td><td class=\"has-text-align-center\" data-align=\"center\"><strong><mark style=\"background-color:rgba(0, 0, 0, 0);color:#a03737\" class=\"has-inline-color\">Janvier<\/mark><\/strong><\/td><td class=\"has-text-align-center\" data-align=\"center\"><mark style=\"background-color:rgba(0, 0, 0, 0);color:#a03737\" class=\"has-inline-color\"><strong>Janvier<\/strong><\/mark><\/td><td class=\"has-text-align-center\" data-align=\"center\"><mark style=\"background-color:rgba(0, 0, 0, 0);color:#a03737\" class=\"has-inline-color\"><strong>Janvier<\/strong><\/mark><\/td><td class=\"has-text-align-center\" data-align=\"center\"><mark style=\"background-color:rgba(0, 0, 0, 0);color:#a03737\" class=\"has-inline-color\"><strong>F\u00e9vrier<\/strong><\/mark><\/td><td class=\"has-text-align-center\" data-align=\"center\"><mark style=\"background-color:rgba(0, 0, 0, 0);color:#a03737\" class=\"has-inline-color\"><strong>Mars<\/strong><\/mark><\/td><td class=\"has-text-align-center\" data-align=\"center\"><mark style=\"background-color:rgba(0, 0, 0, 0);color:#a03737\" class=\"has-inline-color\"><strong>Avril-Juin<\/strong><\/mark><\/td><\/tr><tr><td class=\"has-text-align-center\" data-align=\"center\">20\/12 au<br>27\/12\/25<\/td><td class=\"has-text-align-center\" data-align=\"center\">27\/12 au<br>03\/01\/26<\/td><td class=\"has-text-align-center\" data-align=\"center\">03\/01 au<br>10\/01\/26<\/td><td class=\"has-text-align-center\" data-align=\"center\">10\/01 au<br>24\/01\/26<\/td><td class=\"has-text-align-center\" data-align=\"center\">24\/01 au<br>07\/02\/26<\/td><td class=\"has-text-align-center\" data-align=\"center\">07\/02 au<br>07\/03\/26<\/td><td class=\"has-text-align-center\" data-align=\"center\">07\/03 au<br>04\/04\/26<\/td><td class=\"has-text-align-center\" data-align=\"center\">04\/04 au<br>02\/05\/26<\/td><\/tr><tr><td class=\"has-text-align-center\" data-align=\"center\">709 \u20ac<\/td><td class=\"has-text-align-center\" data-align=\"center\">850 \u20ac<\/td><td class=\"has-text-align-center\" data-align=\"center\">499 \u20ac<\/td><td class=\"has-text-align-center\" data-align=\"center\">499 \u20ac<\/td><td class=\"has-text-align-center\" data-align=\"center\">524 \u20ac<\/td><td class=\"has-text-align-center\" data-align=\"center\">1138 \u20ac<\/td><td class=\"has-text-align-center\" data-align=\"center\">530 \u20ac<\/td><td class=\"has-text-align-center\" data-align=\"center\">530 \u20ac<\/td><\/tr><\/tbody><\/table><\/figure>\n\n\n\n<div style=\"height:36px\" aria-hidden=\"true\" class=\"wp-block-spacer\"><\/div>\n\n\n\n<div class=\"wp-block-columns is-layout-flex wp-container-core-columns-is-layout-28f84493 wp-block-columns-is-layout-flex\">\n<div class=\"wp-block-column is-layout-flow wp-block-column-is-layout-flow\" style=\"flex-basis:66.66%\">\n<figure class=\"wp-block-table aligncenter is-style-stripes\"><table class=\"has-background has-fixed-layout\" style=\"background-color:#f6f6c2\"><tbody><tr><td class=\"has-text-align-center\" data-align=\"center\"><strong><mark style=\"background-color:rgba(0, 0, 0, 0);color:#59791a\" class=\"has-inline-color\">Mai-Juin<\/mark><\/strong><\/td><td class=\"has-text-align-center\" data-align=\"center\"><mark style=\"background-color:rgba(0, 0, 0, 0);color:#59791a\" class=\"has-inline-color\"><strong>Juin-Juillet<\/strong><\/mark><\/td><td class=\"has-text-align-center\" data-align=\"center\"><strong><mark style=\"background-color:rgba(0, 0, 0, 0);color:#59791a\" class=\"has-inline-color\">Juillet-Ao\u00fbt<\/mark><\/strong><\/td><td class=\"has-text-align-center\" data-align=\"center\"><strong><mark style=\"background-color:rgba(0, 0, 0, 0);color:#59791a\" class=\"has-inline-color\">Ao\u00fbt-Sept<\/mark><\/strong>.<\/td><td class=\"has-text-align-center\" data-align=\"center\"><mark style=\"background-color:rgba(0, 0, 0, 0);color:#59791a\" class=\"has-inline-color\"><strong>Sept<\/strong><\/mark>.<\/td><\/tr><tr><td class=\"has-text-align-center\" data-align=\"center\">02\/05 au 13\/06\/26<\/td><td class=\"has-text-align-center\" data-align=\"center\">13\/06 au<br>04\/07\/26<\/td><td class=\"has-text-align-center\" data-align=\"center\">04\/07 au<br>29\/08\/26<\/td><td class=\"has-text-align-center\" data-align=\"center\">29\/08 au<br>05\/09\/26<\/td><td class=\"has-text-align-center\" data-align=\"center\">05\/09 au<br>26\/09\/26<\/td><\/tr><tr><td class=\"has-text-align-center\" data-align=\"center\">470 \u20ac<\/td><td class=\"has-text-align-center\" data-align=\"center\">606\u20ac<\/td><td class=\"has-text-align-center\" data-align=\"center\">770 \u20ac<\/td><td class=\"has-text-align-center\" data-align=\"center\">470 \u20ac<\/td><td class=\"has-text-align-center\" data-align=\"center\">470 \u20ac<\/td><\/tr><\/tbody><\/table><\/figure>\n<\/div>\n\n\n\n<div class=\"wp-block-column is-layout-flow wp-block-column-is-layout-flow\" style=\"flex-basis:33.33%\"><\/div>\n<\/div>\n\n\n\n<p><\/p>\n","protected":false},"excerpt":{"rendered":"<p>Situ\u00e9 dans un endroit calme au c\u0153ur du village, tout pr\u00e8s des commerces, l&rsquo;appartement M\u00e9sange est au rez-de-chauss\u00e9e sur\u00e9lev\u00e9 de \u00ab\u00a0Lou Belloun\u00a0\u00bb. D&rsquo;une superficie de 70 m\u00b2, il est class\u00e9 3 \u00e9toiles en meubl\u00e9s de tourisme. Il peut accueillir 6 personnes. Consultez : l&rsquo;inventaire complet et les conditions de location. (contact) TARIF M\u00c9SANGE 2025-2026 M\u00c9SANGE [&hellip;]<\/p>\n","protected":false},"author":1,"featured_media":0,"parent":0,"menu_order":0,"comment_status":"closed","ping_status":"closed","template":"","meta":{"footnotes":""},"class_list":["post-18","page","type-page","status-publish","hentry"],"blocksy_meta":"","_links":{"self":[{"href":"https:\/\/ceillac.eu\/index.php\/wp-json\/wp\/v2\/pages\/18","targetHints":{"allow":["GET"]}}],"collection":[{"href":"https:\/\/ceillac.eu\/index.php\/wp-json\/wp\/v2\/pages"}],"about":[{"href":"https:\/\/ceillac.eu\/index.php\/wp-json\/wp\/v2\/types\/page"}],"author":[{"embeddable":true,"href":"https:\/\/ceillac.eu\/index.php\/wp-json\/wp\/v2\/users\/1"}],"replies":[{"embeddable":true,"href":"https:\/\/ceillac.eu\/index.php\/wp-json\/wp\/v2\/comments?post=18"}],"version-history":[{"count":47,"href":"https:\/\/ceillac.eu\/index.php\/wp-json\/wp\/v2\/pages\/18\/revisions"}],"predecessor-version":[{"id":457,"href":"https:\/\/ceillac.eu\/index.php\/wp-json\/wp\/v2\/pages\/18\/revisions\/457"}],"wp:attachment":[{"href":"https:\/\/ceillac.eu\/index.php\/wp-json\/wp\/v2\/media?parent=18"}],"curies":[{"name":"wp","href":"https:\/\/api.w.org\/{rel}","templated":true}]}}