{"id":161,"date":"2023-09-08T15:25:51","date_gmt":"2023-09-08T13:25:51","guid":{"rendered":"https:\/\/ceillac.eu\/?page_id=161"},"modified":"2025-06-02T17:54:03","modified_gmt":"2025-06-02T15:54:03","slug":"inventaire-mesange","status":"publish","type":"page","link":"https:\/\/ceillac.eu\/index.php\/inventaire-mesange\/","title":{"rendered":"INVENTAIRE M\u00c9SANGE"},"content":{"rendered":"\n<figure class=\"wp-block-table\"><table class=\"has-fixed-layout\"><tbody><tr><td><strong><u><mark style=\"background-color:rgba(0, 0, 0, 0);color:#923d01\" class=\"has-inline-color\">Ustensiles de cuisine<\/mark><\/u><br>&#8211; 18 assiettes plates<br>&#8211; 18 assiettes creuses<br>&#8211; 18 assiettes \u00e0 dessert<br>&#8211; 18 cuill\u00e8res \u00e0 soupe et \u00e0 dessert<br>&#8211; 18 fourchettes<br>&#8211; 18 couteaux<br>&#8211; 12 verres<br>&#8211; 8 verres \u00e0 sirop<br>&#8211; 8 bols<br>&#8211; 6 mugs<br>&#8211; 8 tasses \u00e0 caf\u00e9<br>&#8211; 6 coquetiers<br>&#8211; 1 th\u00e9i\u00e8re<br>&#8211; 3 saladiers<br>&#8211; 1 plat \u00e0 gratin<br>&#8211; 2 plats de service<br>&#8211; 1 verre gradu\u00e9, 1 presse-fruit<br>&#8211; 1 ouvre-bo\u00eetes, cl\u00e9 universelle<br>&#8211; 1 passoire \u00e0 th\u00e9, tire-bouchon<br>&#8211; 1 couteau de cuisine, 1 couteau \u00e9conome<br>&#8211; 1 couteau \u00e0 beurre<\/strong><\/td><td><strong>&#8211; 1 couteau \u00e0 d\u00e9couper, 1 couteau \u00e0 pain<br>&#8211; 1 paire de ciseaux, 1 casse noix<br>&#8211; 1 r\u00e2pe \u00e0 fromage<br>&#8211; 1 moule \u00e0 tarte<br>&#8211; 1 passoire \u00e0 l\u00e9gumes, 1 essoreuse \u00e0 salade<br>&#8211; 1 rouleau \u00e0 p\u00e2tisserie<br>&#8211; 1 planche \u00e0 d\u00e9couper, 1 plateau<br>&#8211; 1 corbeille \u00e0 pain, 2 dessous de plat, 1 cendrier, 1 vase<br>&#8211; 1 louche, \u00e9cumoire, couverts \u00e0 salade<br>&#8211; 2 cuill\u00e8res en bois<br>&#8211; 1 spatule en bois, fouet<br>&#8211; 1 cocotte-minute de 8 litres<br>&#8211; 1 faitout avec son couvercle<br>&#8211; 1 cocotte en fonte<br>&#8211; 4 casseroles et 2 couvercles<br>&#8211; 2 po\u00eales<br>&#8211; 1 cafeti\u00e8re et 1 bouilloire \u00e9lectrique<br>&#8211; 1 grille-pain<br>&#8211; 1 robot-mixer<br>&#8211; 2 maniques main<br>&#8211; 1 sac \u00e0 pain<\/strong><br>&#8211; <strong>1 appareil \u00e0 raclette<\/strong><\/td><\/tr><\/tbody><\/table><\/figure>\n\n\n\n<figure class=\"wp-block-table\"><table class=\"has-fixed-layout\"><tbody><tr><td><mark style=\"background-color:rgba(0, 0, 0, 0);color:#923d01\" class=\"has-inline-color\"><strong><u>S\u00e9jour<\/u><\/strong> <\/mark><br><strong>&#8211; 1 table<br>&#8211; 6 chaises<br>&#8211; 1 buffet 3 portes et 3 tiroirs<\/strong><br><strong>&#8211; 1 lampe<\/strong><\/td><td><mark style=\"background-color:rgba(0, 0, 0, 0);color:#923d01\" class=\"has-inline-color\"><strong><u>Coin salon<\/u><\/strong> <\/mark><br><strong>&#8211; 1 canap\u00e9<br>&#8211; 1 table basse<br>&#8211; 1 t\u00e9l\u00e9vision et son meuble<br>&#8211; 1 lecteur de DVD <br>&#8211; 1 table de chevet et sa lampe<\/strong><\/td><\/tr><\/tbody><\/table><\/figure>\n\n\n\n<figure class=\"wp-block-table\"><table><tbody><tr><td><mark style=\"background-color:rgba(0, 0, 0, 0);color:#923d01\" class=\"has-inline-color\"><strong><u>Chambre 1<\/u><\/strong> <\/mark><br><strong>&#8211; 1 lit 2 places<br>&#8211; 1 al\u00e8se, 1 dessus de lit<br>&#8211; 4 oreillers et sous taies<br>&#8211; 2 couvertures<br>&#8211; 2 appliques<br>&#8211; 2 tables de nuit<br>&#8211; 2 lampes de chevet<br>&#8211; 1 placard + penderie<br>&#8211; 1 table + 1 lampe<br>&#8211; 1 chaise<\/strong><br><\/td><td><mark style=\"background-color:rgba(0, 0, 0, 0);color:#923d01\" class=\"has-inline-color\"><strong><u>Chambre 2 et 3<\/u><\/strong> <\/mark><br><strong>&#8211; 2 lits 1 place<br>&#8211; 2 al\u00e8ses, 2 dessus de lit<br>&#8211; 4 oreillers et sous taies<br>&#8211; 4 couvertures<br>&#8211; 2 appliques<br>&#8211; 2 tables de nuit<br>&#8211; 2 lampes de chevet<br>&#8211; 1 placard + penderie<br>&#8211; 1 chaise<\/strong><br><br><\/td><\/tr><\/tbody><\/table><\/figure>\n\n\n\n<figure class=\"wp-block-table\"><table class=\"has-fixed-layout\"><tbody><tr><td><mark style=\"background-color:rgba(0, 0, 0, 0);color:#923d01\" class=\"has-inline-color\"><strong><u>Salle de bain<\/u><\/strong> <\/mark><br><strong>&#8211; 1 douche<br>&#8211; 1 meuble + vasque<br>&#8211; 1 glace avec \u00e9clairage<br>&#8211; 1 poubelle<br>&#8211; 1 tabouret<br>&#8211; 1 tapis de bain<br>&#8211; 1 porte serviettes<br>&#8211; 1 s\u00e8che-cheveux<br><\/strong><\/td><td><mark style=\"background-color:rgba(0, 0, 0, 0);color:#923d01\" class=\"has-inline-color\"><strong><u>Divers<\/u><\/strong> <\/mark><br><strong>&#8211; 1 table \u00e0 repasser et son fer<br>&#8211; 1 aspirateur<br>&#8211; 1 balai, 1 pelle et balayette<br>&#8211; 1 balai brosse + serpilli\u00e8re<br>&#8211; 1 balai espagnol et son seau<br>&#8211; 1 bassine<br>&#8211; 1 \u00e9tendage et pinces \u00e0 linge<br>&#8211; 1 panier en osier (courses)<\/strong><\/td><\/tr><\/tbody><\/table><\/figure>\n","protected":false},"excerpt":{"rendered":"<p>Ustensiles de cuisine&#8211; 18 assiettes plates&#8211; 18 assiettes creuses&#8211; 18 assiettes \u00e0 dessert&#8211; 18 cuill\u00e8res \u00e0 soupe et \u00e0 dessert&#8211; 18 fourchettes&#8211; 18 couteaux&#8211; 12 verres&#8211; 8 verres \u00e0 sirop&#8211; 8 bols&#8211; 6 mugs&#8211; 8 tasses \u00e0 caf\u00e9&#8211; 6 coquetiers&#8211; 1 th\u00e9i\u00e8re&#8211; 3 saladiers&#8211; 1 plat \u00e0 gratin&#8211; 2 plats de service&#8211; 1 verre gradu\u00e9, [&hellip;]<\/p>\n","protected":false},"author":1,"featured_media":0,"parent":0,"menu_order":0,"comment_status":"closed","ping_status":"closed","template":"","meta":{"footnotes":""},"class_list":["post-161","page","type-page","status-publish","hentry"],"blocksy_meta":"","_links":{"self":[{"href":"https:\/\/ceillac.eu\/index.php\/wp-json\/wp\/v2\/pages\/161","targetHints":{"allow":["GET"]}}],"collection":[{"href":"https:\/\/ceillac.eu\/index.php\/wp-json\/wp\/v2\/pages"}],"about":[{"href":"https:\/\/ceillac.eu\/index.php\/wp-json\/wp\/v2\/types\/page"}],"author":[{"embeddable":true,"href":"https:\/\/ceillac.eu\/index.php\/wp-json\/wp\/v2\/users\/1"}],"replies":[{"embeddable":true,"href":"https:\/\/ceillac.eu\/index.php\/wp-json\/wp\/v2\/comments?post=161"}],"version-history":[{"count":8,"href":"https:\/\/ceillac.eu\/index.php\/wp-json\/wp\/v2\/pages\/161\/revisions"}],"predecessor-version":[{"id":441,"href":"https:\/\/ceillac.eu\/index.php\/wp-json\/wp\/v2\/pages\/161\/revisions\/441"}],"wp:attachment":[{"href":"https:\/\/ceillac.eu\/index.php\/wp-json\/wp\/v2\/media?parent=161"}],"curies":[{"name":"wp","href":"https:\/\/api.w.org\/{rel}","templated":true}]}}