{"id":16,"date":"2023-09-07T19:05:02","date_gmt":"2023-09-07T17:05:02","guid":{"rendered":"http:\/\/ceillac.eu\/?page_id=16"},"modified":"2025-11-14T16:24:00","modified_gmt":"2025-11-14T15:24:00","slug":"appart-4-5-personnes","status":"publish","type":"page","link":"https:\/\/ceillac.eu\/index.php\/appart-4-5-personnes\/","title":{"rendered":"APPART. 4\/5 PERSONNES"},"content":{"rendered":"\n<p><em><strong>Situ\u00e9 dans le quartier de l&rsquo;Ochette, \u00e0 300 m du village et des commerces, l&rsquo;appartement Blanchot est au 1 <sup>er<\/sup> \u00e9tage du chalet \u00ab\u00a0Lou Queyrellet\u00a0\u00bb, d&rsquo;une superficie de 54 m\u00b2 pour 4\/5 personnes, Class\u00e9<\/strong><strong>  3 *** <\/strong>(Meubl\u00e9s de tourisme)<strong>. Il est desservi par les navettes en hiver.<\/strong><\/em><\/p>\n\n\n\n<p><strong><em>De par son exposition Sud et Ouest, il b\u00e9n\u00e9ficie d&rsquo;un bon ensoleillement et d&rsquo;une vue imprenable sur le village et la vall\u00e9e du M\u00e9l\u00e9zet.<\/em><\/strong><\/p>\n\n\n\n<ul class=\"wp-block-list\">\n<li><strong>Appartement de 3 pi\u00e8ces avec balcon : <\/strong>un s\u00e9jour cuisine avec canap\u00e9, 2 chambres avec vue sur l&rsquo;\u00e9glise Sainte-C\u00e9cile : 1 chambre avec 1 lit 2 places (160 par 200) et 1 chambre avec1 lit de 1 place + 1 lit de 2 places (140 par 200), salle d&rsquo;eau avec douche, lavabo, WC ind\u00e9pendant. Chauffage central, parking, local \u00e0 skis\/v\u00e9lo, grand terrain autour du chalet.<\/li>\n<\/ul>\n\n\n\n<ul class=\"wp-block-list\">\n<li><strong>\u00c9quipement : <\/strong>Wifi, t\u00e9l\u00e9vision, lave-linge, lave-vaisselle, r\u00e9frig\u00e9rateur avec partie cong\u00e9lateur, four, table vitroc\u00e9ramique 4 feux, micro-ondes, \u00e9vier 2 bacs, cocotte-minute, mixeur, batterie de cuisine&#8230;<\/li>\n<\/ul>\n\n\n\n<ul class=\"wp-block-list\">\n<li><strong>Animaux : <\/strong>pas accept\u00e9s.<\/li>\n<\/ul>\n\n\n\n<ul class=\"wp-block-list\">\n<li><strong>Taxe de s\u00e9jour<\/strong> : 1,76 \u20ac par jour et par personne \u00e0 partir de 18 ans.<\/li>\n<\/ul>\n\n\n\n<p><\/p>\n\n\n\n<ul class=\"wp-block-list\">\n<li><strong>Attention<\/strong> : cet appartement est situ\u00e9 au premier \u00e9tage. Nous tenons \u00e0 vous informer qu&rsquo;il n&rsquo;est pas adapt\u00e9 aux personnes \u00e0 mobilit\u00e9 r\u00e9duite. <\/li>\n<\/ul>\n\n\n\n<p><\/p>\n\n\n\n<div style=\"height:12px\" aria-hidden=\"true\" class=\"wp-block-spacer\"><\/div>\n\n\n\n<p><strong>Consultez : <\/strong>l&rsquo;<a href=\"https:\/\/ceillac.eu\/index.php\/inventaire-blanchot\/\" target=\"_blank\" rel=\"noreferrer noopener\">inventaire complet<\/a> et les <a href=\"https:\/\/ceillac.eu\/index.php\/conditions-generales-de-location\/\" target=\"_blank\" rel=\"noreferrer noopener\">conditions de location<\/a>. <em>(<a href=\"mailto:tiffanyservices05@gmail.com\">contact<\/a>)<\/em><\/p>\n\n\n\n<figure class=\"wp-block-image size-full\"><img loading=\"lazy\" decoding=\"async\" width=\"999\" height=\"864\" src=\"https:\/\/ceillac.eu\/wp-content\/uploads\/2023\/09\/blanchot-8-e1694443020500.jpg\" alt=\"\" class=\"wp-image-76\" srcset=\"https:\/\/ceillac.eu\/wp-content\/uploads\/2023\/09\/blanchot-8-e1694443020500.jpg 999w, https:\/\/ceillac.eu\/wp-content\/uploads\/2023\/09\/blanchot-8-e1694443020500-300x259.jpg 300w, https:\/\/ceillac.eu\/wp-content\/uploads\/2023\/09\/blanchot-8-e1694443020500-768x664.jpg 768w\" sizes=\"auto, (max-width: 999px) 100vw, 999px\" \/><\/figure>\n\n\n\n<figure class=\"wp-block-image size-full\"><img loading=\"lazy\" decoding=\"async\" width=\"1000\" height=\"668\" src=\"https:\/\/ceillac.eu\/wp-content\/uploads\/2023\/09\/blanchot-1.jpg\" alt=\"\" class=\"wp-image-68\" srcset=\"https:\/\/ceillac.eu\/wp-content\/uploads\/2023\/09\/blanchot-1.jpg 1000w, https:\/\/ceillac.eu\/wp-content\/uploads\/2023\/09\/blanchot-1-300x200.jpg 300w, https:\/\/ceillac.eu\/wp-content\/uploads\/2023\/09\/blanchot-1-768x513.jpg 768w\" sizes=\"auto, (max-width: 1000px) 100vw, 1000px\" \/><\/figure>\n\n\n\n<figure class=\"wp-block-image size-full\"><img loading=\"lazy\" decoding=\"async\" width=\"1000\" height=\"665\" src=\"https:\/\/ceillac.eu\/wp-content\/uploads\/2023\/09\/blanchot-3.jpg\" alt=\"\" class=\"wp-image-70\" srcset=\"https:\/\/ceillac.eu\/wp-content\/uploads\/2023\/09\/blanchot-3.jpg 1000w, https:\/\/ceillac.eu\/wp-content\/uploads\/2023\/09\/blanchot-3-300x200.jpg 300w, https:\/\/ceillac.eu\/wp-content\/uploads\/2023\/09\/blanchot-3-768x511.jpg 768w\" sizes=\"auto, (max-width: 1000px) 100vw, 1000px\" \/><\/figure>\n\n\n\n<figure class=\"wp-block-image size-large\"><img loading=\"lazy\" decoding=\"async\" width=\"1024\" height=\"768\" src=\"https:\/\/ceillac.eu\/wp-content\/uploads\/2023\/09\/blanchot-chambre-2-1024x768.jpg\" alt=\"\" class=\"wp-image-247\" srcset=\"https:\/\/ceillac.eu\/wp-content\/uploads\/2023\/09\/blanchot-chambre-2-1024x768.jpg 1024w, https:\/\/ceillac.eu\/wp-content\/uploads\/2023\/09\/blanchot-chambre-2-300x225.jpg 300w, https:\/\/ceillac.eu\/wp-content\/uploads\/2023\/09\/blanchot-chambre-2-768x576.jpg 768w, https:\/\/ceillac.eu\/wp-content\/uploads\/2023\/09\/blanchot-chambre-2.jpg 1280w\" sizes=\"auto, (max-width: 1024px) 100vw, 1024px\" \/><\/figure>\n\n\n\n<figure class=\"wp-block-image size-full\"><img loading=\"lazy\" decoding=\"async\" width=\"1000\" height=\"665\" src=\"https:\/\/ceillac.eu\/wp-content\/uploads\/2023\/09\/blanchot-5.jpg\" alt=\"\" class=\"wp-image-72\" srcset=\"https:\/\/ceillac.eu\/wp-content\/uploads\/2023\/09\/blanchot-5.jpg 1000w, https:\/\/ceillac.eu\/wp-content\/uploads\/2023\/09\/blanchot-5-300x200.jpg 300w, https:\/\/ceillac.eu\/wp-content\/uploads\/2023\/09\/blanchot-5-768x511.jpg 768w\" sizes=\"auto, (max-width: 1000px) 100vw, 1000px\" \/><\/figure>\n\n\n\n<figure class=\"wp-block-image size-full\"><img loading=\"lazy\" decoding=\"async\" width=\"1000\" height=\"664\" src=\"https:\/\/ceillac.eu\/wp-content\/uploads\/2023\/09\/blanchot-6.jpg\" alt=\"\" class=\"wp-image-73\" srcset=\"https:\/\/ceillac.eu\/wp-content\/uploads\/2023\/09\/blanchot-6.jpg 1000w, https:\/\/ceillac.eu\/wp-content\/uploads\/2023\/09\/blanchot-6-300x199.jpg 300w, https:\/\/ceillac.eu\/wp-content\/uploads\/2023\/09\/blanchot-6-768x510.jpg 768w\" sizes=\"auto, (max-width: 1000px) 100vw, 1000px\" \/><\/figure>\n\n\n\n<p><\/p>\n\n\n\n<div style=\"height:34px\" aria-hidden=\"true\" class=\"wp-block-spacer\"><\/div>\n\n\n\n<p><mark style=\"background-color:rgba(0, 0, 0, 0)\" class=\"has-inline-color has-palette-color-4-color\"><u><strong>TARIF BLANCHOT 2025~2026<\/strong><\/u><\/mark><\/p>\n\n\n\n<figure class=\"wp-block-table aligncenter is-style-stripes\"><table class=\"has-background\" style=\"background-color:#fafabd\"><tbody><tr><td class=\"has-text-align-center\" data-align=\"center\"><strong><mark style=\"background-color:rgba(0, 0, 0, 0);color:#a03737\" class=\"has-inline-color\">No\u00ebl<\/mark><\/strong><\/td><td class=\"has-text-align-center\" data-align=\"center\"><mark style=\"background-color:rgba(0, 0, 0, 0);color:#a03737\" class=\"has-inline-color\"><strong>Jour de l&rsquo;An<\/strong><\/mark><\/td><td class=\"has-text-align-center\" data-align=\"center\"><strong><mark style=\"background-color:rgba(0, 0, 0, 0);color:#a03737\" class=\"has-inline-color\">Janvier<\/mark><\/strong><\/td><td class=\"has-text-align-center\" data-align=\"center\"><mark style=\"background-color:rgba(0, 0, 0, 0);color:#a03737\" class=\"has-inline-color\"><strong>Janvier<\/strong><\/mark><\/td><td class=\"has-text-align-center\" data-align=\"center\"><mark style=\"background-color:rgba(0, 0, 0, 0);color:#a03737\" class=\"has-inline-color\"><strong>Janvier<\/strong><\/mark><\/td><td class=\"has-text-align-center\" data-align=\"center\"><mark style=\"background-color:rgba(0, 0, 0, 0);color:#a03737\" class=\"has-inline-color\"><strong>F\u00e9vrier<\/strong><\/mark><\/td><td class=\"has-text-align-center\" data-align=\"center\"><mark style=\"background-color:rgba(0, 0, 0, 0);color:#a03737\" class=\"has-inline-color\"><strong>Mars<\/strong><\/mark><\/td><td class=\"has-text-align-center\" data-align=\"center\"><mark style=\"background-color:rgba(0, 0, 0, 0);color:#a03737\" class=\"has-inline-color\"><strong>Avril-Juin<\/strong><\/mark><\/td><\/tr><tr><td class=\"has-text-align-center\" data-align=\"center\">20\/12 au<br>27\/12\/25<\/td><td class=\"has-text-align-center\" data-align=\"center\">27\/12 au<br>03\/01\/26<\/td><td class=\"has-text-align-center\" data-align=\"center\">03\/01 au<br>10\/01\/26<\/td><td class=\"has-text-align-center\" data-align=\"center\">10\/01 au<br>24\/01\/26<\/td><td class=\"has-text-align-center\" data-align=\"center\">24\/01 au<br>07\/02\/26<\/td><td class=\"has-text-align-center\" data-align=\"center\">07\/02 au<br>07\/03\/26<\/td><td class=\"has-text-align-center\" data-align=\"center\">07\/03 au<br>04\/04\/26<\/td><td class=\"has-text-align-center\" data-align=\"center\">04\/04 au<br>02\/05\/26<\/td><\/tr><tr><td class=\"has-text-align-center\" data-align=\"center\">636 \u20ac<\/td><td class=\"has-text-align-center\" data-align=\"center\">790 \u20ac<\/td><td class=\"has-text-align-center\" data-align=\"center\">439 \u20ac<\/td><td class=\"has-text-align-center\" data-align=\"center\">439 \u20ac<\/td><td class=\"has-text-align-center\" data-align=\"center\">499 \u20ac<\/td><td class=\"has-text-align-center\" data-align=\"center\">1057 \u20ac<\/td><td class=\"has-text-align-center\" data-align=\"center\">514 \u20ac<\/td><td class=\"has-text-align-center\" data-align=\"center\">437 \u20ac<\/td><\/tr><\/tbody><\/table><\/figure>\n\n\n\n<div style=\"height:35px\" aria-hidden=\"true\" class=\"wp-block-spacer\"><\/div>\n\n\n\n<div class=\"wp-block-columns is-layout-flex wp-container-core-columns-is-layout-28f84493 wp-block-columns-is-layout-flex\">\n<div class=\"wp-block-column is-layout-flow wp-block-column-is-layout-flow\" style=\"flex-basis:66.66%\">\n<figure class=\"wp-block-table is-style-stripes\"><table class=\"has-background\" style=\"background-color:#f6f6c2\"><tbody><tr><td class=\"has-text-align-center\" data-align=\"center\"><mark style=\"background-color:rgba(0, 0, 0, 0);color:#59791a\" class=\"has-inline-color\"><strong>Juin-Juillet<\/strong><\/mark><\/td><td class=\"has-text-align-center\" data-align=\"center\"><strong><mark style=\"background-color:rgba(0, 0, 0, 0);color:#59791a\" class=\"has-inline-color\">Juillet-Ao\u00fbt<\/mark><\/strong><\/td><td class=\"has-text-align-center\" data-align=\"center\"><strong><mark style=\"background-color:rgba(0, 0, 0, 0);color:#59791a\" class=\"has-inline-color\">Ao\u00fbt-Septembre<\/mark><\/strong><\/td><td class=\"has-text-align-center\" data-align=\"center\"><mark style=\"background-color:rgba(0, 0, 0, 0);color:#59791a\" class=\"has-inline-color\"><strong>Septembre<\/strong><\/mark>-Novembre<\/td><\/tr><tr><td class=\"has-text-align-center\" data-align=\"center\">13\/06 au<br>04\/07\/26<\/td><td class=\"has-text-align-center\" data-align=\"center\">04\/07 au<br>29\/08\/26<\/td><td class=\"has-text-align-center\" data-align=\"center\">29\/08 au<br>26\/09\/26<\/td><td class=\"has-text-align-center\" data-align=\"center\">26\/09 au<br>14\/10\/26<\/td><\/tr><tr><td class=\"has-text-align-center\" data-align=\"center\">580 \u20ac<\/td><td class=\"has-text-align-center\" data-align=\"center\">680 \u20ac<\/td><td class=\"has-text-align-center\" data-align=\"center\">440 \u20ac<\/td><td class=\"has-text-align-center\" data-align=\"center\">440 \u20ac<\/td><\/tr><\/tbody><\/table><\/figure>\n<\/div>\n\n\n\n<div class=\"wp-block-column is-layout-flow wp-block-column-is-layout-flow\" style=\"flex-basis:33.33%\"><\/div>\n<\/div>\n\n\n\n<figure class=\"wp-block-image size-full\"><img loading=\"lazy\" decoding=\"async\" width=\"1000\" height=\"666\" src=\"https:\/\/ceillac.eu\/wp-content\/uploads\/2023\/09\/blanchot-4.jpg\" alt=\"\" class=\"wp-image-71\" srcset=\"https:\/\/ceillac.eu\/wp-content\/uploads\/2023\/09\/blanchot-4.jpg 1000w, https:\/\/ceillac.eu\/wp-content\/uploads\/2023\/09\/blanchot-4-300x200.jpg 300w, https:\/\/ceillac.eu\/wp-content\/uploads\/2023\/09\/blanchot-4-768x511.jpg 768w\" sizes=\"auto, (max-width: 1000px) 100vw, 1000px\" \/><\/figure>\n\n\n\n<figure class=\"wp-block-image size-full\"><img loading=\"lazy\" decoding=\"async\" width=\"1000\" height=\"383\" src=\"https:\/\/ceillac.eu\/wp-content\/uploads\/2023\/09\/blanchot-7.jpg\" alt=\"\" class=\"wp-image-74\" srcset=\"https:\/\/ceillac.eu\/wp-content\/uploads\/2023\/09\/blanchot-7.jpg 1000w, https:\/\/ceillac.eu\/wp-content\/uploads\/2023\/09\/blanchot-7-300x115.jpg 300w, https:\/\/ceillac.eu\/wp-content\/uploads\/2023\/09\/blanchot-7-768x294.jpg 768w\" sizes=\"auto, (max-width: 1000px) 100vw, 1000px\" \/><\/figure>\n","protected":false},"excerpt":{"rendered":"<p>Situ\u00e9 dans le quartier de l&rsquo;Ochette, \u00e0 300 m du village et des commerces, l&rsquo;appartement Blanchot est au 1 er \u00e9tage du chalet \u00ab\u00a0Lou Queyrellet\u00a0\u00bb, d&rsquo;une superficie de 54 m\u00b2 pour 4\/5 personnes, Class\u00e9 3 *** (Meubl\u00e9s de tourisme). Il est desservi par les navettes en hiver. De par son exposition Sud et Ouest, il [&hellip;]<\/p>\n","protected":false},"author":1,"featured_media":0,"parent":0,"menu_order":0,"comment_status":"closed","ping_status":"closed","template":"","meta":{"footnotes":""},"class_list":["post-16","page","type-page","status-publish","hentry"],"blocksy_meta":"","_links":{"self":[{"href":"https:\/\/ceillac.eu\/index.php\/wp-json\/wp\/v2\/pages\/16","targetHints":{"allow":["GET"]}}],"collection":[{"href":"https:\/\/ceillac.eu\/index.php\/wp-json\/wp\/v2\/pages"}],"about":[{"href":"https:\/\/ceillac.eu\/index.php\/wp-json\/wp\/v2\/types\/page"}],"author":[{"embeddable":true,"href":"https:\/\/ceillac.eu\/index.php\/wp-json\/wp\/v2\/users\/1"}],"replies":[{"embeddable":true,"href":"https:\/\/ceillac.eu\/index.php\/wp-json\/wp\/v2\/comments?post=16"}],"version-history":[{"count":39,"href":"https:\/\/ceillac.eu\/index.php\/wp-json\/wp\/v2\/pages\/16\/revisions"}],"predecessor-version":[{"id":455,"href":"https:\/\/ceillac.eu\/index.php\/wp-json\/wp\/v2\/pages\/16\/revisions\/455"}],"wp:attachment":[{"href":"https:\/\/ceillac.eu\/index.php\/wp-json\/wp\/v2\/media?parent=16"}],"curies":[{"name":"wp","href":"https:\/\/api.w.org\/{rel}","templated":true}]}}